{"id":22,"date":"2006-12-31T16:20:20","date_gmt":"2006-12-31T15:20:20","guid":{"rendered":"http:\/\/sachydobrovice.cz\/nove\/dobrovicky-rapid\/"},"modified":"2026-02-08T19:54:53","modified_gmt":"2026-02-08T17:54:53","slug":"dobrovicky-rapid","status":"publish","type":"page","link":"https:\/\/www.sachydobrovice.cz\/nove\/dobrovicky-rapid\/","title":{"rendered":"Dobrovick\u00fd rapid"},"content":{"rendered":"<p><strong>0. ro\u010dn\u00edk 5.3.2005<\/strong><br \/>\n<a href=\"http:\/\/web.archive.org\/web\/20080301030922\/http:\/\/sachydobrovice.cz\/view.php?cisloclanku=2005030501\" target=\"_blank\" rel=\"noopener noreferrer\">0. ro\u010dn\u00edk ve Stodole<\/a><br \/>\n<a href=\"http:\/\/web.archive.org\/web\/20080301030922\/http:\/\/sachydobrovice.cz\/Listen.htm\" target=\"_blank\" rel=\"noopener noreferrer\">V\u00fdsledky<\/a><\/p>\n<hr \/>\n<p><strong>1. ro\u010dn\u00edk 4.3.2006<\/strong><br \/>\n<a href=\"http:\/\/sachydobrovice.cz\/view.php?cisloclanku=2006030501\">1. ro\u010dn\u00edk v sokolovn\u011b<\/a><br \/>\n<a href=\"http:\/\/web.archive.org\/web\/20150303073452\/http:\/\/sachydobrovice.cz\/vysledky%20rapid.htm\" target=\"_blank\" rel=\"noopener noreferrer\">V\u00fdsledky<\/a><\/p>\n<hr \/>\n<p><strong>2. ro\u010dn\u00edk 3.3.2007<\/strong><br \/>\n<a href=\"http:\/\/sachydobrovice.cz\/nove\/2006\/12\/31\/dobrovicky-rapid-cukrovary-ttd-as-open\/\">turnajov\u00e9 info<\/a><br \/>\n<a href=\"http:\/\/sachydobrovice.cz\/nove\/2007\/03\/03\/dobrovicky-rapid-cukrovary-ttd-as-open-2\/\">mal\u00e9 \u010dten\u00ed o turnaji a v\u00fdsledky<\/a><br \/>\n<a href=\"http:\/\/www.novoborsky-sk.cz\/index.php?orderby=603\">\u010cl\u00e1nek Davida Ka\u0148ovsk\u00e9ho na novoborsk\u00e9m webu.<\/a><br \/>\n<a id=\"p144\" title=\"dopis-dobrovice-53.doc\" href=\"http:\/\/sachydobrovice.cz\/nove\/wp-content\/dopis-dobrovice-53.doc\">Dopis \u0161achov\u00fdch p\u0159\u00e1tel z Jiskry Jarom\u011b\u0159.<\/a><br \/>\n<a id=\"p145\" title=\"sach-tydenik-10-2007.pdf\" href=\"http:\/\/sachydobrovice.cz\/nove\/wp-content\/sach-tydenik-10-2007.pdf\"> \u010cl\u00e1nek v \u0160achov\u00fd t\u00fdden\u00edk 10-2007<\/a><\/p>\n<hr \/>\n<p><strong>3. ro\u010dn\u00edk 1.3.2008<\/strong><br \/>\n<a id=\"p446\" href=\"http:\/\/sachydobrovice.cz\/nove\/wp-content\/propozice2008.doc\">Turnajov\u00e9 propozice<\/a><br \/>\n<a href=\"http:\/\/sachydobrovice.cz\/nove\/2008\/03\/02\/v-dobrovici-vitezi-im-josef-pribyl\/\">Mal\u00fd \u010dl\u00e1nek o turnaji<\/a><br \/>\n<a href=\"http:\/\/www.chess-results.com\/tnr11012.aspx?lan=1\">kompletn\u00ed v\u00fdsledky<\/a><br \/>\n<a href=\"http:\/\/www.novoborsky-sk.cz\/index.php?orderby=1524\">\u010cl\u00e1nek na novoborsk\u00e9m webu<\/a><\/p>\n<hr \/>\n<p><strong>4. ro\u010dn\u00edk 28.2.2009<\/strong><br \/>\n<a id=\"p997\" href=\"http:\/\/sachydobrovice.cz\/nove\/wp-content\/propozice2009.doc\">Turnajov\u00e9 propozice<\/a><br \/>\n<a href=\"http:\/\/chess-results.com\/tnr16943.aspx?lan=5\">V\u00fdsledky turnaje<\/a><br \/>\n<a href=\"http:\/\/sachydobrovice.cz\/nove\/2009\/02\/28\/4dobrovicky-rapid-cukrovary-a-lihovary-ttd-as-open-grand-prix-cr-v-rapid-sachu-dobrovice-2822009\/\">Mal\u00e9 pov\u00edd\u00e1n\u00ed o turnaji.<\/a><br \/>\n<a href=\"http:\/\/www.novoborsky-sk.cz\/index.php?modul=zpravodajstvi&amp;akce=aktual&amp;orderby=2506&amp;strankovani=0\">\u010cl\u00e1nek na Novoborsk\u00e9m webu.<\/a><br \/>\n<a href=\"http:\/\/www.63plus1.cz\/?num=1000\">\u010cl\u00e1nek Vojty Pl\u00e1ta na 63+1<\/a><br \/>\n<a href=\"http:\/\/boleslavsky.denik.cz\/ostatni_region\/dobrosach20090301.html\">2.\u010cl\u00e1nek v Boleslavsk\u00e9m den\u00edku.<\/a><br \/>\n<a href=\"http:\/\/boleslavsky.denik.cz\/ostatni_region\/st-rapid20090227.html\">1.\u010cl\u00e1nek v Boleslavsk\u00e9m den\u00edku.<\/a><br \/>\n<a href=\"http:\/\/www.kostelec.estranky.cz\/clanky\/komentare-ze-sveta-sachu\/dobrovice09\">Jak to vypadalo z \u010dernokosteleck\u00e9ho \u0161achbusu.<\/a><br \/>\n<a href=\"http:\/\/www.sachysm.cz\/?q=dobrovice09\">Jak to vid\u011bl Fera Vr\u00e1na<\/a><br \/>\n<a href=\"http:\/\/www.bubenec.estranky.cz\/clanky\/aktuality\/dobrovicky-rapid-2009\">P\u00e1r foto na webu Loko Praha<\/a><br \/>\n<a href=\"http:\/\/www.chess.cz\/www\/souteze\/grand-prix.html\">Grand Prix \u010cR<\/a><\/p>\n<hr \/>\n<p><strong>5. ro\u010dn\u00edk 27. 02. 2010<\/strong><\/p>\n<p><a id=\"p1575\" href=\"http:\/\/sachydobrovice.cz\/nove\/wp-content\/propozice2010.doc\">Turnajov\u00e9 propozice<\/a><br \/>\n<a href=\"http:\/\/chess-results.com\/tnr26656.aspx?lan=5\">Kone\u010dn\u00e9 v\u00fdsledky<\/a><br \/>\n<a href=\"http:\/\/boleslavsky.denik.cz\/ostatni_region\/st-sara20100228.html\">Boleslavsk\u00fd den\u00edk<\/a><br \/>\n<a href=\"http:\/\/chesslady.com\/index.php?page=blog&amp;oid=469\">Chesslady<\/a><\/p>\n<hr \/>\n<p><strong>6. ro\u010dn\u00edk 26. 02. 2011<\/strong><br \/>\n<a id=\"p1927\" href=\"http:\/\/sachydobrovice.cz\/nove\/wp-content\/propozice20111.doc\">Turnajov\u00e9 propozice<\/a><br \/>\n<a href=\"http:\/\/www.sachydobrovice.cz\/soubory\/rapid2011.TUNx\">Kone\u010dn\u00e9 v\u00fdsledky<\/a><br \/>\n<a href=\"http:\/\/www.sachydobrovice.cz\/soubory\/rapid2011.TUNx\">Soubor pro Swiss Manager<\/a><br \/>\n<a href=\"http:\/\/sachydobrovice.cz\/nove\/2011\/02\/26\/6-dobrovicky-rapidcukrovary-a-lihovary-ttd-a-s-open7-turnaj-grand-prix-cr\/\">N\u011bco m\u00e1lo o turnaji<\/a><br \/>\n<a href=\"http:\/\/www.nss.cz\/index.php?modul=zpravodajstvi&amp;akce=aktual&amp;orderby=4051&amp;strankovani=0&amp;zobrazeni=ano\"> \u010dl\u00e1nek na Novoborsk\u00e9m webu<\/a><br \/>\n<a href=\"http:\/\/www.mbnoviny.cz\/clanky\/mesto-dobrovice-si-uzilo-svatek-sachu-konkurence-na-turnaji-byla-naramna\/\">MB noviny<\/a><br \/>\n<a href=\"https:\/\/www.sachydobrovice.cz\/nove\/wp-content\/uploads\/2011\/03\/boleskavskydenik.doc\">Boleslavsk\u00fd den\u00edk<\/a><br \/>\n<a href=\"http:\/\/boleslavsky.denik.cz\/ostatni_region\/sachy_dobrovice20110301.html\">Boleslavsk\u00fd den\u00edk<\/a><br \/>\n<a href=\"http:\/\/www.sachynymburk.cz\/2011\/03\/03\/dobrovicky-rapid\/#more-85\">\u0160k Sokol Nymburk<\/a><br \/>\n<a href=\"http:\/\/www.mbnoviny.cz\/clanky\/6-dobrovicky-rapid-cukrovary-a-lihovary-ttd-a-s-open-7-turnaj-grand-prix-cr\/\">MB noviny2<\/a><\/p>\n<hr \/>\n<p><strong>7. ro\u010dn\u00edk 3. 3. 2012<\/strong><br \/>\n<a href=\"https:\/\/www.sachydobrovice.cz\/nove\/wp-content\/uploads\/2006\/12\/propozice_20122.doc\">Turnajov\u00e9 propozice<\/a><br \/>\n<a href=\"http:\/\/chess-results.com\/tnr67114.aspx?lan=5\" target=\"_blank\" rel=\"noopener noreferrer\">Turnajov\u00e9 v\u00fdsledky<\/a><br \/>\n<a href=\"http:\/\/boleslavsky.denik.cz\/ostatni_region\/v-dobrovickem-rapidu-nejlepe-vojtech-plat-20120309.html\">MB den\u00edk<\/a><\/p>\n<hr \/>\n<p><strong>8. ro\u010dn\u00edk 2. 3. 2013<\/strong><br \/>\n<a href=\"https:\/\/www.sachydobrovice.cz\/nove\/wp-content\/uploads\/2006\/12\/propozice2013.doc\">propozice2013<\/a><br \/>\n<a href=\"http:\/\/chess-results.com\/tnr89271.aspx?art=0&amp;lan=5&amp;wi=821\" target=\"_blank\" rel=\"noopener noreferrer\">Turnajov\u00e9 v\u00fdsledky<\/a><br \/>\n<a href=\"http:\/\/www.nss.cz\/index.php?modul=zpravodajstvi&amp;akce=aktual&amp;orderby=5638&amp;strankovani=0&amp;zobrazeni=ano\" target=\"_blank\" rel=\"noopener noreferrer\">O turnaji na nns<\/a><br \/>\n<a href=\"http:\/\/boleslavsky.denik.cz\/ostatni_region\/v-dobrovici-vitezem-zoltan-hajnal-z-madarska-20130304.html\" target=\"_blank\" rel=\"noopener noreferrer\">Boleslavsk\u00fd den\u00edk<\/a><br \/>\n<a href=\"http:\/\/www.chess.cz\/www\/informace\/komise\/stk\/aktuality-z-stk\/gp-v-rapid-sachu-2012-2013-dobrovicky-rapid.html\" target=\"_blank\" rel=\"noopener noreferrer\">\u0160S\u010cR<\/a><br \/>\n<a href=\"http:\/\/sendrazice.wz.cz\/dobrovicky-rapid-2012.html\" target=\"_blank\" rel=\"noopener noreferrer\">web \u0160k Sendra\u017eice<\/a><\/p>\n<hr \/>\n<p><strong>9. ro\u010dn\u00edk 1. 3. 2014<\/strong><br \/>\n<a href=\"https:\/\/www.sachydobrovice.cz\/nove\/wp-content\/uploads\/2006\/12\/propozice-2014.doc\">propozice 2014<\/a><br \/>\n<a href=\"http:\/\/chess-results.com\/tnr118398.aspx?lan=5&amp;art=1&amp;fed=CZE&amp;wi=821\" target=\"_blank\" rel=\"noopener noreferrer\">Turnajov\u00e9 v\u00fdsledky<\/a><br \/>\n<a href=\"http:\/\/www.nss.cz\/v-dobrovici-vitezem-gm-milos-jirovsky\" target=\"_blank\" rel=\"noopener noreferrer\">Aktualita na novoborsk\u00e9m webu<\/a><\/p>\n<hr \/>\n<p><strong>10. ro\u010dn\u00edk 28. 2. 2014<\/strong><br \/>\n<a href=\"https:\/\/www.sachydobrovice.cz\/nove\/wp-content\/uploads\/2006\/12\/10.Dobrovick\u00fd-rapid-propozice.pdf\">10.Dobrovick\u00fd rapid propozice<\/a><br \/>\n<a href=\"http:\/\/chess-results.com\/Tnr156204.aspx?lan=5\" target=\"_blank\" rel=\"noopener noreferrer\">Turnajov\u00e9 v\u00fdsledky<\/a><br \/>\n<a href=\"https:\/\/www.sachydobrovice.cz\/nove\/wp-content\/uploads\/2015\/02\/kone\u010dn\u00e9-po\u0159ad\u00ed.xls\">Kone\u010dn\u00e9 po\u0159ad\u00ed<\/a><br \/>\nP\u0159\u00edm\u00fd pohled <a href=\"http:\/\/www.technickelyceum.webzdarma.cz\/povko\/dobrovice_2015.pdf\" target=\"_blank\" rel=\"noopener noreferrer\">Zde\u0148ka Jandy<\/a><br \/>\n<a href=\"http:\/\/www.porg.cz\/aktuality-skporg\/skoly\/novy-porg-gymnazium\/sk-porg\/aktuality\/10-rocnik-otevreneho-turnaje-tereos-ttd-v-dobrovicich\" target=\"_blank\" rel=\"noopener noreferrer\">Od Porgu<\/a><a><br \/>\n<\/a><a href=\"http:\/\/www.pansach.cz\/aktualita1397.html\" target=\"_blank\" rel=\"noopener noreferrer\">\u0160achov\u00fd klub TJ Pankr\u00e1c<\/a><\/p>\n<hr \/>\n<p><strong>11. ro\u010dn\u00edk 27. 2. 2014<\/strong><br \/>\n<a href=\"https:\/\/www.sachydobrovice.cz\/nove\/wp-content\/uploads\/2006\/12\/Dobrovick\u00fd-rapid-propozice-2016_E2.pdf\">11.Dobrovick\u00fd rapid propozice<\/a><br \/>\n<a href=\"http:\/\/chess-results.com\/tnr202673.aspx?lan=5&amp;art=1&amp;rd=9&amp;fed=CZE&amp;turdet=YES&amp;wi=821\">Turnajov\u00e9 v\u00fdsledky<\/a><br \/>\n<a href=\"http:\/\/www.nss.cz\/v-dobrovici-zlatil-gm-petr-neuman\" target=\"_blank\" rel=\"noopener noreferrer\">Novoborsk\u00fd \u0161achov\u00fd server<\/a><br \/>\n<a href=\"http:\/\/www.nss.cz\/mise-splnena.-neuman-prijel,-neuman-vyhral?do=refreshComments#comments\" target=\"_blank\" rel=\"noopener noreferrer\">Novoborsk\u00fd \u0161achov\u00fd server2<\/a><br \/>\n<a href=\"http:\/\/www.chess.cz\/www\/aktuality\/aktuality-ze-sezony-2015-2016\/aktuality-z-domova\/dobrovickou-zastavku-grand-prix-vyhral-neuman-celkove-vede-zwardon.html\" target=\"_blank\" rel=\"noopener noreferrer\">\u0160S\u010cR<\/a><\/p>\n<hr \/>\n<p><strong>12. ro\u010dn\u00edk 4.3.2017<\/strong><br \/>\n<a href=\"http:\/\/chess-results.com\/tnr257530.aspx?lan=5\" target=\"_blank\" rel=\"noopener noreferrer\">Turnajov\u00e9 v\u00fdsledky<\/a><\/p>\n<hr \/>\n<p><strong>13. ro\u010dn\u00edk 3.3.2018<\/strong><br \/>\n<a href=\"http:\/\/chess-results.com\/tnr325976.aspx?lan=5&amp;art=1&amp;rd=9\" rel=\"noopener noreferrer\" target=\"_blank\">Turnajov\u00e9 v\u00fdsledky<\/a><\/p>\n<hr \/>\n<p><strong>14. ro\u010dn\u00edk 2.3.2019<\/strong><br \/>\n<a href=\"https:\/\/www.sachydobrovice.cz\/nove\/2019\/02\/24\/14-dobrovicky-rapid-tereos-ttd-open\/\" rel=\"noopener noreferrer\" target=\"_blank\">Mal\u00e9 info o turnaji<\/a><br \/>\n<a href=\"http:\/\/chess-results.com\/tnr407120.aspx?lan=5&amp;art=1&amp;rd=9\" rel=\"noopener noreferrer\" target=\"_blank\">Turnajov\u00e9 v\u00fdsledky<\/a><br \/>\n<a href=\"http:\/\/sachydobrovice.cz\/14.Dobrovicky%20rapid\/14.%20Dobrovicky%20rapid\/index.html\" rel=\"noopener noreferrer\" target=\"_blank\">Galerie<\/a><\/p>\n<hr \/>\n<p><strong>15. ro\u010dn\u00edk 29.2.2020<\/strong><br \/>\n<a href=\"https:\/\/www.zonerama.com\/PHP7\/Album\/6034387\" target=\"_blank\" rel=\"noopener noreferrer\">p\u00e1r fotek v galerii<\/a><br \/>\n<a href=\"https:\/\/www.youtube.com\/watch?v=XBMKLN4HTx0&amp;feature=youtu.be\" target=\"_blank\" rel=\"noopener noreferrer\">a i video<\/a><br \/>\n<a href=\"http:\/\/chess-results.com\/tnr504784.aspx?lan=5\" target=\"_blank\" rel=\"noopener noreferrer\"><strong>Turnajov\u00e9 v\u00fdsledky<\/strong><\/a><br \/>\n<a <=\"\" p=\"\"><\/a><\/p>\n<hr \/>\n<p><strong>16. ro\u010dn\u00edk 5.3.2022<\/strong><br \/>\n<a href=\"http:\/\/chess-results.com\/tnr609132.aspx?lan=5\" target=\"_blank\" rel=\"noopener noreferrer\"><strong>Turnajov\u00e9 v\u00fdsledky<\/strong><\/a><br \/>\n<a href=\"https:\/\/eu.zonerama.com\/PHP7\/Album\/8209816\" target=\"_blank\" rel=\"noopener noreferrer\">P\u00e1r fotek<\/a><br \/>\n<a href=\"https:\/\/www.youtube.com\/watch?v=tmenlsGGNJE\" target=\"_blank\" rel=\"noopener noreferrer\">Mal\u00e9 video<\/a><\/p>\n<hr \/>\n<p><strong>17. ro\u010dn\u00edk 4.3.2023<\/strong><br \/>\n<a href=\"https:\/\/www.sachydobrovice.cz\/nove\/wp-content\/uploads\/2023\/01\/17.-Dobrovicky-rapid-2023-propozice.pdf\" target=\"_blank\" rel=\"noopener\">Turnajov\u00e9 propozice<\/a><br \/>\n<a href=\"http:\/\/chess-results.com\/tnr716767.aspx?lan=5\" target=\"_blank\" rel=\"noopener\">Turnajov\u00e9 v\u00fdsledky<\/a><br \/>\n<a href=\"http:\/\/sachydobrovice.cz\/17.rapid\/17.rapid\/index.html\" target=\"_blank\" rel=\"noopener\"><b>Galerie<\/b><\/a><br \/>\n<a href=\"https:\/\/www.youtube.com\/watch?v=7daSxUNYA9w\" target=\"_blank\" rel=\"noopener\">Kr\u00e1tk\u00e9 video<\/a><\/p>\n<hr \/>\n<p><strong>18. ro\u010dn\u00edk 2.3.2024<\/strong><br \/>\n<a href=\"https:\/\/chess-results.com\/tnr873628.aspx?lan=5\" rel=\"noopener\" target=\"_blank\">Turnajov\u00e9 v\u00fdsledky<\/a><br \/>\n<a href=\"https:\/\/sachydobrovice.cz\/18.rapid\/18.rapid\/index.html\" rel=\"noopener\" target=\"_blank\">Galerie<\/a><\/p>\n<hr \/>\n<p><strong>19. ro\u010dn\u00edk 1.3.2025<\/strong><br \/>\n<a href=\"https:\/\/www.sachydobrovice.cz\/nove\/wp-content\/uploads\/2025\/01\/19.-Dobrovicky-rapid-2025.docx\" target=\"_blank\">Turnajov\u00e9 propozice<\/a><br \/>\n<a href=\"https:\/\/chess-results.com\/Tnr1095209.aspx?lan=5\" target=\"_blank\">Turnajov\u00e9 v\u00fdsledky<\/a><br \/>\n<a href=\"https:\/\/boleslavsky.denik.cz\/ctenar-reporter\/ctenar-reporter-sachy-turnaj-sport-dobrovice-dobrovicky-rapid-20250207.html\" target=\"_blank\">Boleslavsk\u00fd den\u00edk<\/a><br \/>\n<a href=\"http:\/\/sachydobrovice.cz\/19.Dobrovick\u00fd rapid\/19. Dobrovick\u00fd rapid\/index.html\" target=\"_blank\" rel=\"noopener\">Galerie<\/a><\/p>\n","protected":false},"excerpt":{"rendered":"<p>0. ro\u010dn\u00edk 5.3.2005 0. ro\u010dn\u00edk ve Stodole V\u00fdsledky 1. ro\u010dn\u00edk 4.3.2006 1. ro\u010dn\u00edk v sokolovn\u011b V\u00fdsledky 2. ro\u010dn\u00edk 3.3.2007 turnajov\u00e9 info mal\u00e9 \u010dten\u00ed o turnaji a v\u00fdsledky \u010cl\u00e1nek Davida Ka\u0148ovsk\u00e9ho na novoborsk\u00e9m webu. Dopis \u0161achov\u00fdch p\u0159\u00e1tel z Jiskry Jarom\u011b\u0159. \u010cl\u00e1nek v \u0160achov\u00fd t\u00fdden\u00edk 10-2007 3. ro\u010dn\u00edk 1.3.2008 Turnajov\u00e9 propozice Mal\u00fd \u010dl\u00e1nek o turnaji kompletn\u00ed v\u00fdsledky [&hellip;]<\/p>\n","protected":false},"author":2,"featured_media":0,"parent":0,"menu_order":0,"comment_status":"open","ping_status":"open","template":"","meta":{"footnotes":""},"class_list":["post-22","page","type-page","status-publish","hentry"],"_links":{"self":[{"href":"https:\/\/www.sachydobrovice.cz\/nove\/wp-json\/wp\/v2\/pages\/22","targetHints":{"allow":["GET"]}}],"collection":[{"href":"https:\/\/www.sachydobrovice.cz\/nove\/wp-json\/wp\/v2\/pages"}],"about":[{"href":"https:\/\/www.sachydobrovice.cz\/nove\/wp-json\/wp\/v2\/types\/page"}],"author":[{"embeddable":true,"href":"https:\/\/www.sachydobrovice.cz\/nove\/wp-json\/wp\/v2\/users\/2"}],"replies":[{"embeddable":true,"href":"https:\/\/www.sachydobrovice.cz\/nove\/wp-json\/wp\/v2\/comments?post=22"}],"version-history":[{"count":61,"href":"https:\/\/www.sachydobrovice.cz\/nove\/wp-json\/wp\/v2\/pages\/22\/revisions"}],"predecessor-version":[{"id":15570,"href":"https:\/\/www.sachydobrovice.cz\/nove\/wp-json\/wp\/v2\/pages\/22\/revisions\/15570"}],"wp:attachment":[{"href":"https:\/\/www.sachydobrovice.cz\/nove\/wp-json\/wp\/v2\/media?parent=22"}],"curies":[{"name":"wp","href":"https:\/\/api.w.org\/{rel}","templated":true}]}}