{"id":5,"date":"2006-12-30T18:17:00","date_gmt":"2006-12-30T17:17:00","guid":{"rendered":"http:\/\/www.sachydobrovice.cz\/nove\/about\/"},"modified":"2022-12-20T12:37:27","modified_gmt":"2022-12-20T10:37:27","slug":"about","status":"publish","type":"page","link":"https:\/\/www.sachydobrovice.cz\/nove\/about\/","title":{"rendered":"Klub"},"content":{"rendered":"<p><texy>\u0160achy se v Dobrovici hr\u00e1ly ji\u017e p\u0159ed rokem 1983, kdy vznikl nyn\u011bj\u0161\u00ed \u0161achov\u00fd odd\u00edl a to, dle vypr\u00e1v\u011bn\u00ed a vzpom\u00ednek pam\u011btn\u00edk\u016f p\u00e1n\u016f Jana Zahustila, Jindry Ka\u0148ky, ing. Jaroslava Kol\u00e1\u0159e, ing.Bo\u0159ivoje Pra\u017e\u00e1ka, hned po roce 1945 v dnes ji\u017e neexistuj\u00edc\u00edm hostinci &#8222;U Volf\u016f&#8220;. \u0160achov\u00fd \u017eivot a hru v tehdej\u0161\u00ed Dobrovici propagovali a k \u00fasp\u011b\u0161n\u00fdm hr\u00e1\u010d\u016fm pat\u0159ili p\u00e1nov\u00e9 Jarom\u00edr \u010cervinka, Franti\u0161ek Hakl, Franti\u0161ek Havl\u00edk, V\u00e1clav Havl\u00edk, Jaroslav Klacek, Vladim\u00edr Kraus, V\u00e1clav Nezbeda, Jaroslav Vit\u00e1sek, Jan Zahustil, Zden\u011bk Sluka. Nejprve to byla skupina nad\u0161enc\u016f, pozd\u011bji se stali \u010dleny TJ. Dnes ji\u017e nev\u00edme jak siln\u00e9 bylo \u0161achov\u00e9 hnut\u00ed v Dobrovici, dle vzpom\u00ednek hr\u00e1val kolektiv dobrovick\u00fdch \u0161achist\u016f v letech 1945 a\u017e 1965. Dru\u017estvo pravideln\u011b hr\u00e1lo okresn\u00ed p\u0159ebor a k nejv\u011bt\u0161\u00edm \u00fasp\u011bch\u016fm pat\u0159il zisk 3. m\u00edsta v OP v roce 1962. K d\u016fvod\u016fm ukon\u010den\u00ed \u0161achov\u00e9 \u010dinnosti v Dobrovici pat\u0159ilo uzav\u0159en\u00ed hostince &#8222;U Volf\u016f&#8220;, postupn\u00e9 ub\u00fdv\u00e1n\u00ed \u010dlensk\u00e9 z\u00e1kladny z d\u016fvodu zm\u011bny bydli\u0161t\u011b \u010d?i st\u00e1\u0159\u00ed, a tak v roce 1965 \u0160O svoji existenci ukon\u010dil. Bohu\u017eel z t\u00e9to etapy dobrovick\u00e9ho \u0161achu se nezachovaly \u017e\u00e1dn\u00e9 p\u00edsemnosti. Mo\u017en\u00e1 n\u011bkdo n\u011bkde m\u00e1, \u010di se n\u00e1hodn\u011b setkal s n\u011bjak\u00fdmi dokumenty \u010di fotografiemi z t\u00e9to doby v\u00e1zan\u00fdmi k \u0161achov\u00e9mu hnut\u00ed v Dobrovici. Byli bychom r\u00e1di, kdyby n\u00e1m bylo umo\u017en\u011bno se s nimi sezn\u00e1mit.<\/texy><\/p>\n<p>Po letech, kdy se v Dobrovici \u0161achy hr\u00e1ly jen nesout\u011b\u017en\u011b, kdy v Dobrovici p\u016fsobili z p\u016fvodn\u00edch hr\u00e1\u010d\u016f jen Jan Zahustil a ing. Jaroslav Kol\u00e1\u0159, vznikl na ja\u0159e roku 1983 nov\u00fd \u0161achov\u00fd odd\u00edl pod hlavi\u010dkou TJ Sokol Dobrovice. Vznik nov\u00e9ho \u0161achov\u00e9ho odd\u00edlu iniciovali p\u00e1nov\u00e9 Jan Zahustil, ing. Bo\u0159ivoj Pra\u017e\u00e1k, ing. Jaroslav Kol\u00e1\u0159 a Milo\u0161 Jech. V letech p\u0159ed rokem 1983 se parta t\u011bchto \u0161achist\u016f \u010dasto sch\u00e1zela k \u0161achov\u00e9mu kl\u00e1n\u00ed v b\u00fdval\u00e9 sladovn\u011b pivovaru. Z\u00e1jem o sout\u011b\u017en\u00ed hru vy\u00fastil v ustanoven\u00ed \u0159\u00e1dn\u00e9ho \u0161achov\u00e9ho odd\u00edlu. Na podzim roku 1982 zapo\u010dal kolektiv z\u00e1jemc\u016f o \u0161achovou hru p\u0159\u00edpravy k obnoven\u00ed \u010dinnosti \u0160O. V pr\u016fb\u011bhu m\u011bs\u00edce ledna roku 1983 si upravili a vybavili hrac\u00ed m\u00edstnost &#8211; \u0161achovou klubovnu v dobrovick\u00e9 sokolovn\u011b. Samotn\u00e9 za\u010d\u00e1tky obnoven\u00e9ho \u0160O nebyly jednoduch\u00e9 a lehk\u00e9. Odd\u00edl byl vybaven \u0161esti \u0161achov\u00fdmi soupravami, kter\u00e9 zakoupil Sokol a klubovnu z\u00edskal v budov\u011b dobrovick\u00e9 sokolovny.<\/p>\n<p>Ustavuj\u00edc\u00ed sch\u016fze nov\u00e9ho \u0161achov\u00e9ho odd\u00edlu se konala dne 6.\u00fanora 1983 v klubovn\u011b \u0161achov\u00e9ho odd\u00edlu. Zakl\u00e1daj\u00edc\u00edmi \u010dleny odd\u00edlu byli p\u00e1nov\u00e9 Jan Zahustil, ing. Jaroslav Kol\u00e1\u0159, ing. Bo\u0159ivoj Pra\u017e\u00e1k, Franti\u0161ek \u0160ulc, ing. Jarom\u00edr Chochola, Miloslav Vobo\u0159il, Milo\u0161 Jech a Karel Valenta. Po dohod\u011b hr\u00e1\u010d\u016f se vedouc\u00edm odd\u00edlu stal Milo\u0161 Jech. V prvn\u00edm roce se do aktivit odd\u00edlu zapojilo celkem 13 \u0161achist\u016f.<\/p>\n<p>M\u011bsto Dobrovice le\u017e\u00ed na ji\u017en\u00edm \u00fapat\u00ed Chlumu jihov\u00fdchodn\u011b ve vzd\u00e1lenosti 9 km od Mlad\u00e9 Boleslavi. Dobrovice je jednou ze \u010dty\u0159 \u0161achov\u00fdch obc\u00ed na okrese Mlad\u00e1 Boleslav. Po\u010det obyvatel na\u0161eho m\u011bsta je cca 3 000. Dobrovice je p\u0159edev\u0161\u00edm zn\u00e1m\u00e1 cukrovarem se zna\u010dkou TTD, unik\u00e1tn\u00edm souborem <a href=\"http:\/\/www.dobrovickamuzea.cz\/\">4 muze\u00ed<\/a>. Ve m\u011bst\u011b p\u016fsob\u00ed a vyv\u00edj\u00ed svou \u010dinnost n\u011bkolik dal\u0161\u00edch spolk\u016f. Nap\u0159. divadeln\u00ed soubor Dobrov\u00edt, p\u011bveck\u00fd sbor Dobravan, fotbalov\u00fd klub FK Dobrovice a dal\u0161\u00ed.<\/p>\n<p><a href=\"https:\/\/www.sachydobrovice.cz\/nove\/wp-content\/uploads\/2006\/12\/20+20-let-\u0161achu.doc\"><strong>20+20 let \u0161achu<\/strong><\/a><\/p>\n<p><iframe loading=\"lazy\" width=\"600\" height=\"450\" frameborder=\"0\" scrolling=\"no\" marginheight=\"0\" marginwidth=\"0\" src=\"http:\/\/maps.google.cz\/maps?f=q&amp;source=s_q&amp;hl=cs&amp;geocode=+&amp;q=dobrovice&amp;ie=UTF8&amp;hq=&amp;hnear=Dobrovice&amp;ll=50.369327,14.962339&amp;spn=0.107712,0.308647&amp;t=m&amp;z=12&amp;brcurrent=5,0,0&amp;output=embed\"><\/iframe><br \/>\n<small><a href=\"http:\/\/maps.google.cz\/maps?f=q&amp;source=embed&amp;hl=cs&amp;geocode=+&amp;q=dobrovice&amp;ie=UTF8&amp;hq=&amp;hnear=Dobrovice&amp;ll=50.369327,14.962339&amp;spn=0.107712,0.308647&amp;t=m&amp;z=12&amp;brcurrent=5,0,0\" style=\"color:#0000FF;text-align:left\">Zv\u011bt\u0161it mapu<\/a><\/small><\/p>\n","protected":false},"excerpt":{"rendered":"<p>\u0160achy se v Dobrovici hr\u00e1ly ji\u017e p\u0159ed rokem 1983, kdy vznikl nyn\u011bj\u0161\u00ed \u0161achov\u00fd odd\u00edl a to, dle vypr\u00e1v\u011bn\u00ed a vzpom\u00ednek pam\u011btn\u00edk\u016f p\u00e1n\u016f Jana Zahustila, Jindry Ka\u0148ky, ing. Jaroslava Kol\u00e1\u0159e, ing.Bo\u0159ivoje Pra\u017e\u00e1ka, hned po roce 1945 v dnes ji\u017e neexistuj\u00edc\u00edm hostinci &#8222;U Volf\u016f&#8220;. \u0160achov\u00fd \u017eivot a hru v tehdej\u0161\u00ed Dobrovici propagovali a k \u00fasp\u011b\u0161n\u00fdm hr\u00e1\u010d\u016fm pat\u0159ili [&hellip;]<\/p>\n","protected":false},"author":2,"featured_media":0,"parent":0,"menu_order":0,"comment_status":"open","ping_status":"open","template":"","meta":{"footnotes":""},"class_list":["post-5","page","type-page","status-publish","hentry"],"_links":{"self":[{"href":"https:\/\/www.sachydobrovice.cz\/nove\/wp-json\/wp\/v2\/pages\/5","targetHints":{"allow":["GET"]}}],"collection":[{"href":"https:\/\/www.sachydobrovice.cz\/nove\/wp-json\/wp\/v2\/pages"}],"about":[{"href":"https:\/\/www.sachydobrovice.cz\/nove\/wp-json\/wp\/v2\/types\/page"}],"author":[{"embeddable":true,"href":"https:\/\/www.sachydobrovice.cz\/nove\/wp-json\/wp\/v2\/users\/2"}],"replies":[{"embeddable":true,"href":"https:\/\/www.sachydobrovice.cz\/nove\/wp-json\/wp\/v2\/comments?post=5"}],"version-history":[{"count":8,"href":"https:\/\/www.sachydobrovice.cz\/nove\/wp-json\/wp\/v2\/pages\/5\/revisions"}],"predecessor-version":[{"id":13250,"href":"https:\/\/www.sachydobrovice.cz\/nove\/wp-json\/wp\/v2\/pages\/5\/revisions\/13250"}],"wp:attachment":[{"href":"https:\/\/www.sachydobrovice.cz\/nove\/wp-json\/wp\/v2\/media?parent=5"}],"curies":[{"name":"wp","href":"https:\/\/api.w.org\/{rel}","templated":true}]}}