{"id":6,"date":"2006-12-30T18:32:46","date_gmt":"2006-12-30T17:32:46","guid":{"rendered":"http:\/\/sachydobrovice.cz\/nove\/plan-akci\/"},"modified":"2022-04-09T15:37:13","modified_gmt":"2022-04-09T13:37:13","slug":"plan-akci","status":"publish","type":"page","link":"https:\/\/www.sachydobrovice.cz\/nove\/plan-akci\/","title":{"rendered":"Akce"},"content":{"rendered":"<p><strong>sez\u00f3na 2007\/2008<\/strong><\/p>\n<p>&nbsp;<br \/>\n<a id=\"p310\" href=\"http:\/\/sachydobrovice.cz\/nove\/wp-content\/kopie_terminovy_plan_0708.xls\">term\u00ednov\u00fd pl\u00e1n 07-08<\/a><br \/>\n<a id=\"p247\" href=\"http:\/\/sachydobrovice.cz\/nove\/wp-content\/07-buletin-rpc-uvod.doc\">Region\u00e1ln\u00ed p\u0159ebor sk. C &#8211; A t\u00fdm<\/a><br \/>\n<a id=\"p250\" href=\"http:\/\/sachydobrovice.cz\/nove\/wp-content\/rpb-uvodni-zpravodaj.doc\">Region\u00e1ln\u00ed p\u0159ebor sk. B &#8211; B t\u00fdm<\/a><br \/>\n<a id=\"p256\" href=\"http:\/\/sachydobrovice.cz\/nove\/wp-content\/07-buletin-rsc-uvod1.doc\">Region\u00e1ln\u00ed sout\u011b\u017e sk. C &#8211; C; D a E t\u00fdm<\/a><\/p>\n<hr \/>\n<p><strong>sez\u00f3na 2008\/2009<\/strong><\/p>\n<p><a id=\"p1283\" href=\"http:\/\/sachydobrovice.cz\/nove\/wp-content\/terminovy-plan-0809-41.xls\">Term\u00ednov\u00fd pl\u00e1n-08\/09<\/a><br \/>\n<a id=\"p785\" href=\"http:\/\/sachydobrovice.cz\/nove\/wp-content\/08-rs-uvodni-bulletin.XLS\">Region\u00e1ln\u00ed sout\u011b\u017e sk. C &#8211; C; D a E t\u00fdm<\/a>\/ <a href=\"http:\/\/db.chess.cz\/soutez.php?sid=589\">V datab\u00e1zi \u0161s\u010dr<\/a><br \/>\n<a id=\"p790\" href=\"http:\/\/sachydobrovice.cz\/nove\/wp-content\/08-rpc-uvodni-bulletin.XLS\">Region\u00e1ln\u00ed p\u0159ebor sk. C &#8211; A a B t\u00fdm<\/a>\/ <a href=\"http:\/\/db.chess.cz\/soutez.php?sid=585\">V datab\u00e1zi \u0161s\u010dr<\/a><\/p>\n<hr \/>\n<p><strong>sez\u00f3na 2009\/2010<\/strong><\/p>\n<p><a id=\"p1395\" href=\"http:\/\/sachydobrovice.cz\/nove\/wp-content\/terminovy_plan0910.xls\">Term\u00ednov\u00fd pl\u00e1n-09\/10<\/a><br \/>\n<a id=\"p1394\" href=\"http:\/\/sachydobrovice.cz\/nove\/wp-content\/09-rpc-00.XLS\">Region\u00e1ln\u00ed p\u0159ebor sk. C &#8211; A, B a C t\u00fdm<\/a>\/<a href=\"http:\/\/db.chess.cz\/soutez.php?sid=698\">V datab\u00e1zi \u0161s\u010dr<\/a><br \/>\n<a id=\"p1404\" href=\"http:\/\/sachydobrovice.cz\/nove\/wp-content\/09-rsc-00.XLS\">Region\u00e1ln\u00ed sout\u011b\u017e sk. C &#8211; D, E a F t\u00fdm<\/a>\/<a href=\"http:\/\/db.chess.cz\/soutez.php?sid=702\">V datab\u00e1zi \u0161s\u010dr<\/a><\/p>\n<p><a id=\"p1687\" href=\"http:\/\/sachydobrovice.cz\/nove\/wp-content\/29_pk.doc\">29. P\u0159ebor klubu<\/a><\/p>\n<hr \/>\n<p><strong>sez\u00f3na 2010\/2011<\/strong><\/p>\n<p><a id=\"p1875\" href=\"http:\/\/sachydobrovice.cz\/nove\/wp-content\/terminovy_plan_10-111.xls\">Term\u00ednov\u00fd pl\u00e1n 2010-2011<\/a><br \/>\n<a href=\"http:\/\/db.chess.cz\/soutez.php?sid=848\">KS A &#8211; \u0160k m\u011bsta Dobrovice A<\/a><br \/>\n<a href=\"http:\/\/db.chess.cz\/soutez.php?sid=852\">RP C &#8211; \u0160k m\u011bsta Dobrovice B; C; D<\/a><br \/>\n<a href=\"http:\/\/db.chess.cz\/soutez.php?sid=855\">RS C &#8211; \u0160k m\u011bsta Dobrovice E; F; G<\/a><\/p>\n<p><a href=\"https:\/\/www.sachydobrovice.cz\/nove\/wp-content\/uploads\/2011\/02\/30.pk_.docx\">30. P\u0159ebor klubu<\/a><\/p>\n<hr \/>\n<p><strong>sez\u00f3na 2011\/2012<\/strong><\/p>\n<p><a href=\"https:\/\/www.sachydobrovice.cz\/nove\/wp-content\/uploads\/2006\/12\/terminovy_plan_11-1213.xls\">Term\u00ednov\u00fd pl\u00e1n<\/a><br \/>\n<a href=\"https:\/\/www.sachydobrovice.cz\/nove\/wp-content\/uploads\/2006\/12\/Upl-Rozpis-2011-12.doc\"> Rozpis sout\u011b\u017e\u00ed dru\u017estev S\u0160S 2011-12<\/a><br \/>\n<a href=\"http:\/\/db.chess.cz\/soutez.php?sid=977\">KS A &#8211; \u0160k m\u011bsta Dobrovice A; B<\/a><br \/>\n<a href=\"http:\/\/db.chess.cz\/soutez.php?sid=981\">RP C &#8211; \u0160k m\u011bsta Dobrovice C<\/a><br \/>\n<a href=\"http:\/\/db.chess.cz\/soutez.php?sid=984\">RS C &#8211; \u0160k m\u011bsta Dobrovice D; E; F<br \/>\n<\/a><a href=\"https:\/\/www.sachydobrovice.cz\/nove\/wp-content\/uploads\/2006\/12\/31.-pk.doc\">31. P\u0159ebor klubu<\/a><\/p>\n<hr \/>\n<p><strong>sez\u00f3na 2012\/2013<\/strong><\/p>\n<p><a href=\"https:\/\/www.sachydobrovice.cz\/nove\/wp-content\/uploads\/2006\/12\/term\u00ednov\u00fd-pl\u00e1n-12-132.xls\">Term\u00ednov\u00fd pl\u00e1n<\/a><br \/>\n<a href=\"https:\/\/www.sachydobrovice.cz\/nove\/wp-content\/uploads\/2006\/12\/Rozpis_soutezi_druzstev_SSS_2012.doc\">Rozpis sout\u011b\u017e\u00ed dru\u017estev S\u0160S 2012<\/a><br \/>\n<a href=\"https:\/\/www.sachydobrovice.cz\/nove\/wp-content\/uploads\/2006\/12\/32.pk_.doc\">32.pk<\/a><\/p>\n<hr \/>\n<p><strong>sez\u00f3na 2013\/2014<\/strong><\/p>\n<p><a href=\"https:\/\/www.sachydobrovice.cz\/nove\/wp-content\/uploads\/2006\/12\/Term\u00ednov\u00fd-pl\u00e1n-13-14.xls\">Term\u00ednov\u00fd pl\u00e1n<\/a><br \/>\n<a href=\"https:\/\/www.sachydobrovice.cz\/nove\/wp-content\/uploads\/2006\/12\/Rozpis_soutezi_druzstev_SSS_2013a20141.doc\">Rozpis sout\u011b\u017e\u00ed dru\u017estev S\u0160S 2013\/2014<\/a><\/p>\n<hr \/>\n<p><strong>sez\u00f3na 2014\/2015<\/strong><\/p>\n<p><a href=\"https:\/\/www.sachydobrovice.cz\/nove\/wp-content\/uploads\/2006\/12\/Rozpis_soutezi_SSS_2014-15.doc\">Rozpis sout\u011b\u017e\u00ed S\u0160S 2014-2015<\/a><br \/>\n<a href=\"https:\/\/www.sachydobrovice.cz\/nove\/wp-content\/uploads\/2015\/02\/Term\u00ednov\u00fd-pl\u00e1n-14-15.pdf\">Term\u00ednov\u00fd pl\u00e1n 2014-2015<\/a><br \/>\n<a href=\"https:\/\/www.sachydobrovice.cz\/nove\/wp-content\/uploads\/2015\/02\/34.pk_.doc\">34.pk<\/a><\/p>\n<hr \/>\n<p><strong>sez\u00f3na 2015\/2016<\/strong><br \/>\n<a href=\"https:\/\/www.sachydobrovice.cz\/nove\/wp-content\/uploads\/2006\/12\/Term\u00ednov\u00fd-pl\u00e1n-15-16.xls\">Term\u00ednov\u00fd pl\u00e1n 2015-2016<\/a><br \/>\n<a href=\"https:\/\/www.sachydobrovice.cz\/nove\/wp-content\/uploads\/2006\/12\/Rozpis_soutezi_SSS_2015-16.doc\">Rozpis sout\u011b\u017e\u00ed SSS_2015-16<\/a><br \/>\n<a href=\"http:\/\/chess-results.com\/tnr185098.aspx?lan=5&amp;art=0&amp;wi=821\" target=\"_blank\" rel=\"noopener noreferrer\">Krajsk\u00e9 sout\u011b\u017ee, los a v\u00fdsledky<\/a><\/p>\n<hr \/>\n<p><strong>sez\u00f3na 2016\/2017<\/strong><br \/>\n<a href=\"https:\/\/www.sachydobrovice.cz\/nove\/wp-content\/uploads\/2006\/12\/Term\u00ednov\u00fd-pl\u00e1n-16-17.xls\">Term\u00ednov\u00fd pl\u00e1n 2016-2017<\/a><br \/>\n<a href=\"https:\/\/www.sachydobrovice.cz\/nove\/wp-content\/uploads\/2006\/12\/Rozpis_soutezi_SSS_2016-17-2.doc\">Rozpis sout\u011b\u017e\u00ed dru\u017estev S\u0160S 2016-17 <\/a><\/p>\n<hr \/>\n<p><strong>sez\u00f3na 2017\/2018<\/strong><br \/>\n<a href=\"https:\/\/www.sachydobrovice.cz\/nove\/wp-content\/uploads\/2006\/12\/Kopie-Term\u00ednov\u00fd-pl\u00e1n-17-18.xls\">Term\u00ednov\u00fd pl\u00e1n 2017-2018<\/a><br \/>\n<a href=\"https:\/\/www.sachydobrovice.cz\/nove\/wp-content\/uploads\/2006\/12\/Rozpis_soutezi_SSS_2017-18.doc\">Rozpis sout\u011b\u017e\u00ed dru\u017estev S\u0160S 2017-2018<\/a><br \/>\n<a href=\"https:\/\/www.sachydobrovice.cz\/nove\/wp-content\/uploads\/2006\/12\/Los-mistrovsk\u00fdch-sout\u011b\u017e\u00ed-dru\u017estev-\u0160achklub-m\u011bsta-Dobrovice1.doc\">Los mistrovsk\u00fdch sout\u011b\u017e\u00ed dru\u017estev \u0160achklub m\u011bsta Dobrovice\/a&gt;<\/a><\/p>\n<p><a href=\"https:\/\/www.sachydobrovice.cz\/nove\/wp-content\/uploads\/2006\/12\/Los-mistrovsk\u00fdch-sout\u011b\u017e\u00ed-dru\u017estev-\u0160achklub-m\u011bsta-Dobrovice1.doc\"><\/a><\/p>\n<p><a href=\"https:\/\/www.sachydobrovice.cz\/nove\/wp-content\/uploads\/2006\/12\/Los-mistrovsk\u00fdch-sout\u011b\u017e\u00ed-dru\u017estev-\u0160achklub-m\u011bsta-Dobrovice1.doc\"><\/a><\/p>\n<p><a href=\"https:\/\/www.sachydobrovice.cz\/nove\/wp-content\/uploads\/2006\/12\/Los-mistrovsk\u00fdch-sout\u011b\u017e\u00ed-dru\u017estev-\u0160achklub-m\u011bsta-Dobrovice1.doc\"><\/a><\/p>\n<p><a href=\"https:\/\/www.sachydobrovice.cz\/nove\/wp-content\/uploads\/2006\/12\/Los-mistrovsk\u00fdch-sout\u011b\u017e\u00ed-dru\u017estev-\u0160achklub-m\u011bsta-Dobrovice1.doc\"><\/a><\/p>\n<p><a href=\"https:\/\/www.sachydobrovice.cz\/nove\/wp-content\/uploads\/2006\/12\/Los-mistrovsk\u00fdch-sout\u011b\u017e\u00ed-dru\u017estev-\u0160achklub-m\u011bsta-Dobrovice1.doc\"><\/a><\/p>\n<p><a href=\"https:\/\/www.sachydobrovice.cz\/nove\/wp-content\/uploads\/2006\/12\/Los-mistrovsk\u00fdch-sout\u011b\u017e\u00ed-dru\u017estev-\u0160achklub-m\u011bsta-Dobrovice1.doc\"><\/a><\/p>\n<p><a href=\"https:\/\/www.sachydobrovice.cz\/nove\/wp-content\/uploads\/2006\/12\/Los-mistrovsk\u00fdch-sout\u011b\u017e\u00ed-dru\u017estev-\u0160achklub-m\u011bsta-Dobrovice1.doc\"><\/a><\/p>\n<p><a href=\"https:\/\/www.sachydobrovice.cz\/nove\/wp-content\/uploads\/2006\/12\/Los-mistrovsk\u00fdch-sout\u011b\u017e\u00ed-dru\u017estev-\u0160achklub-m\u011bsta-Dobrovice1.doc\"><\/a><\/p>\n<p><a href=\"https:\/\/www.sachydobrovice.cz\/nove\/wp-content\/uploads\/2006\/12\/Los-mistrovsk\u00fdch-sout\u011b\u017e\u00ed-dru\u017estev-\u0160achklub-m\u011bsta-Dobrovice1.doc\"><\/a><\/p>\n<p><a href=\"https:\/\/www.sachydobrovice.cz\/nove\/wp-content\/uploads\/2006\/12\/Los-mistrovsk\u00fdch-sout\u011b\u017e\u00ed-dru\u017estev-\u0160achklub-m\u011bsta-Dobrovice1.doc\"><\/a><\/p>\n<p><a href=\"https:\/\/www.sachydobrovice.cz\/nove\/wp-content\/uploads\/2006\/12\/Los-mistrovsk\u00fdch-sout\u011b\u017e\u00ed-dru\u017estev-\u0160achklub-m\u011bsta-Dobrovice1.doc\"><\/a><\/p>\n<p><a href=\"https:\/\/www.sachydobrovice.cz\/nove\/wp-content\/uploads\/2006\/12\/Los-mistrovsk\u00fdch-sout\u011b\u017e\u00ed-dru\u017estev-\u0160achklub-m\u011bsta-Dobrovice1.doc\"><\/a><\/p>\n<p><a href=\"https:\/\/www.sachydobrovice.cz\/nove\/wp-content\/uploads\/2006\/12\/Los-mistrovsk\u00fdch-sout\u011b\u017e\u00ed-dru\u017estev-\u0160achklub-m\u011bsta-Dobrovice1.doc\"><\/a><\/p>\n<p><a href=\"https:\/\/www.sachydobrovice.cz\/nove\/wp-content\/uploads\/2006\/12\/Los-mistrovsk\u00fdch-sout\u011b\u017e\u00ed-dru\u017estev-\u0160achklub-m\u011bsta-Dobrovice1.doc\"><\/p>\n<hr \/>\n<p><\/a><a href=\"https:\/\/www.sachydobrovice.cz\/nove\/wp-content\/uploads\/2006\/12\/Los-mistrovsk\u00fdch-sout\u011b\u017e\u00ed-dru\u017estev-\u0160achklub-m\u011bsta-Dobrovice1.doc\"><\/a><a href=\"https:\/\/www.sachydobrovice.cz\/nove\/wp-content\/uploads\/2006\/12\/Los-mistrovsk\u00fdch-sout\u011b\u017e\u00ed-dru\u017estev-\u0160achklub-m\u011bsta-Dobrovice1.doc\"><\/a><a href=\"https:\/\/www.sachydobrovice.cz\/nove\/wp-content\/uploads\/2006\/12\/Los-mistrovsk\u00fdch-sout\u011b\u017e\u00ed-dru\u017estev-\u0160achklub-m\u011bsta-Dobrovice1.doc\"><\/a><a href=\"https:\/\/www.sachydobrovice.cz\/nove\/wp-content\/uploads\/2006\/12\/Los-mistrovsk\u00fdch-sout\u011b\u017e\u00ed-dru\u017estev-\u0160achklub-m\u011bsta-Dobrovice1.doc\"><\/a><a href=\"https:\/\/www.sachydobrovice.cz\/nove\/wp-content\/uploads\/2006\/12\/Los-mistrovsk\u00fdch-sout\u011b\u017e\u00ed-dru\u017estev-\u0160achklub-m\u011bsta-Dobrovice1.doc\"><\/a><a href=\"https:\/\/www.sachydobrovice.cz\/nove\/wp-content\/uploads\/2006\/12\/Los-mistrovsk\u00fdch-sout\u011b\u017e\u00ed-dru\u017estev-\u0160achklub-m\u011bsta-Dobrovice1.doc\"><\/a><a href=\"https:\/\/www.sachydobrovice.cz\/nove\/wp-content\/uploads\/2006\/12\/Los-mistrovsk\u00fdch-sout\u011b\u017e\u00ed-dru\u017estev-\u0160achklub-m\u011bsta-Dobrovice1.doc\"><\/a><a href=\"https:\/\/www.sachydobrovice.cz\/nove\/wp-content\/uploads\/2006\/12\/Los-mistrovsk\u00fdch-sout\u011b\u017e\u00ed-dru\u017estev-\u0160achklub-m\u011bsta-Dobrovice1.doc\"><\/a><a href=\"https:\/\/www.sachydobrovice.cz\/nove\/wp-content\/uploads\/2006\/12\/Los-mistrovsk\u00fdch-sout\u011b\u017e\u00ed-dru\u017estev-\u0160achklub-m\u011bsta-Dobrovice1.doc\"><\/a><a href=\"https:\/\/www.sachydobrovice.cz\/nove\/wp-content\/uploads\/2006\/12\/Los-mistrovsk\u00fdch-sout\u011b\u017e\u00ed-dru\u017estev-\u0160achklub-m\u011bsta-Dobrovice1.doc\"><\/a><a href=\"https:\/\/www.sachydobrovice.cz\/nove\/wp-content\/uploads\/2006\/12\/Los-mistrovsk\u00fdch-sout\u011b\u017e\u00ed-dru\u017estev-\u0160achklub-m\u011bsta-Dobrovice1.doc\"><\/a><a href=\"https:\/\/www.sachydobrovice.cz\/nove\/wp-content\/uploads\/2006\/12\/Los-mistrovsk\u00fdch-sout\u011b\u017e\u00ed-dru\u017estev-\u0160achklub-m\u011bsta-Dobrovice1.doc\"><\/a><a href=\"https:\/\/www.sachydobrovice.cz\/nove\/wp-content\/uploads\/2006\/12\/Los-mistrovsk\u00fdch-sout\u011b\u017e\u00ed-dru\u017estev-\u0160achklub-m\u011bsta-Dobrovice1.doc\"><\/a><a href=\"https:\/\/www.sachydobrovice.cz\/nove\/wp-content\/uploads\/2006\/12\/Los-mistrovsk\u00fdch-sout\u011b\u017e\u00ed-dru\u017estev-\u0160achklub-m\u011bsta-Dobrovice1.doc\"><strong>sez\u00f3na 2018\/2019<\/strong><br \/>\n<\/a><a href=\"https:\/\/www.sachydobrovice.cz\/nove\/plan-akci\/terminovy-plan-18-19\/\" rel=\"attachment wp-att-10165\">Term\u00ednov\u00fd pl\u00e1n 2018-2019<\/a><br \/>\n<a href=\"https:\/\/www.sachydobrovice.cz\/nove\/plan-akci\/rozpis_soutezi_sss_2018-19\/\" rel=\"attachment wp-att-10166\">Rozpis soute\u017e\u00ed S\u0160S 2018-2019<\/a><\/p>\n<hr \/>\n<p><strong>sez\u00f3na 2019\/2020<\/strong><br \/>\n<a href=\"https:\/\/www.sachydobrovice.cz\/nove\/plan-akci\/terminovy-plan-19-20\/\" rel=\"attachment wp-att-10947\">Term\u00ednov\u00fd pl\u00e1n 2019-2020<\/a><br \/>\n<a href=\"https:\/\/www.sachydobrovice.cz\/nove\/plan-akci\/rozpis_soutezi_sss_2019-20_def_ver\/\" rel=\"attachment wp-att-10948\">Rozpis soute\u017e\u00ed S\u0160S_2019-2020<\/a><\/p>\n<hr \/>\n<p><strong>sez\u00f3na 2020\/2021<\/strong><br \/>\n<a href=\"https:\/\/www.sachydobrovice.cz\/nove\/wp-content\/uploads\/2020\/08\/Term\u00ednov\u00fd-pl\u00e1n-20-21.xlsx\" target=\"_blank\" rel=\"noopener noreferrer\">Term\u00ednov\u00fd pl\u00e1n 2020-2021<\/a><\/p>\n<hr \/>\n<p><strong>sez\u00f3na 2021\/2022<\/strong><\/p>\n<p><a href=\"https:\/\/www.sachydobrovice.cz\/nove\/wp-content\/uploads\/2021\/09\/40.pk_.doc\" target=\"_blank\" rel=\"noopener noreferrer\">40. P\u0159ebor klubu 2021<\/a><\/p>\n","protected":false},"excerpt":{"rendered":"<p>sez\u00f3na 2007\/2008 &nbsp; term\u00ednov\u00fd pl\u00e1n 07-08 Region\u00e1ln\u00ed p\u0159ebor sk. C &#8211; A t\u00fdm Region\u00e1ln\u00ed p\u0159ebor sk. B &#8211; B t\u00fdm Region\u00e1ln\u00ed sout\u011b\u017e sk. C &#8211; C; D a E t\u00fdm sez\u00f3na 2008\/2009 Term\u00ednov\u00fd pl\u00e1n-08\/09 Region\u00e1ln\u00ed sout\u011b\u017e sk. C &#8211; C; D a E t\u00fdm\/ V datab\u00e1zi \u0161s\u010dr Region\u00e1ln\u00ed p\u0159ebor sk. C &#8211; A a B [&hellip;]<\/p>\n","protected":false},"author":2,"featured_media":0,"parent":0,"menu_order":0,"comment_status":"open","ping_status":"open","template":"","meta":{"footnotes":""},"class_list":["post-6","page","type-page","status-publish","hentry"],"_links":{"self":[{"href":"https:\/\/www.sachydobrovice.cz\/nove\/wp-json\/wp\/v2\/pages\/6","targetHints":{"allow":["GET"]}}],"collection":[{"href":"https:\/\/www.sachydobrovice.cz\/nove\/wp-json\/wp\/v2\/pages"}],"about":[{"href":"https:\/\/www.sachydobrovice.cz\/nove\/wp-json\/wp\/v2\/types\/page"}],"author":[{"embeddable":true,"href":"https:\/\/www.sachydobrovice.cz\/nove\/wp-json\/wp\/v2\/users\/2"}],"replies":[{"embeddable":true,"href":"https:\/\/www.sachydobrovice.cz\/nove\/wp-json\/wp\/v2\/comments?post=6"}],"version-history":[{"count":49,"href":"https:\/\/www.sachydobrovice.cz\/nove\/wp-json\/wp\/v2\/pages\/6\/revisions"}],"predecessor-version":[{"id":12655,"href":"https:\/\/www.sachydobrovice.cz\/nove\/wp-json\/wp\/v2\/pages\/6\/revisions\/12655"}],"wp:attachment":[{"href":"https:\/\/www.sachydobrovice.cz\/nove\/wp-json\/wp\/v2\/media?parent=6"}],"curies":[{"name":"wp","href":"https:\/\/api.w.org\/{rel}","templated":true}]}}