{"id":7,"date":"2006-12-30T18:37:52","date_gmt":"2006-12-30T17:37:52","guid":{"rendered":"http:\/\/sachydobrovice.cz\/nove\/kontakt\/"},"modified":"2024-11-14T18:00:40","modified_gmt":"2024-11-14T16:00:40","slug":"kontakt","status":"publish","type":"page","link":"https:\/\/www.sachydobrovice.cz\/nove\/kontakt\/","title":{"rendered":"Kontakt"},"content":{"rendered":"<p><strong>Zapsan\u00fd spolek \u0160achklub m\u011bsta Dobrovice<\/strong><br \/>\nI\u010cO 266 34 228<\/p>\n<p><strong>p\u0159edseda klubu<\/strong><\/p>\n<p><strong>Petr Novotn\u00fd<\/strong><\/p>\n<p>tel: 326 398 278<br \/>\nmobil: 607 824 295<\/p>\n<p>e-mail: <a href=\"mailto:petr.novotny@sachydobrovice.cz\">petr.novotny@sachydobrovice.cz<\/a><\/p>\n<p><strong>webmaster<\/strong><\/p>\n<p>Petr Novotn\u00fd, DiS.<br \/>\ne-mail: <a href=\"mailto:dysmusax@centrum.cz\">dysmusax@centrum.cz<\/a><\/p>\n<p><strong>hrac\u00ed m\u00edstnost<\/strong><\/p>\n<p>budova fary p\u0159\u00edzem\u00ed vpravo.<br \/>\nPalack\u00e9ho n\u00e1m\u011bst\u00ed 70 Dobrovice<br \/>\ntreninky st\u0159eda a p\u00e1tek 17.00 &#8211; 22.00 hodin. Ned\u011ble mistrovsk\u00e9 z\u00e1pasy, klubov\u00e9 turnaje od 9.00 hodin.<br \/>\n<iframe loading=\"lazy\" style=\"border: none;\" src=\"https:\/\/frame.mapy.cz\/zakladni?x=14.9646138276&amp;y=50.3706454289&amp;z=17&amp;source=firm&amp;id=12790323&amp;widgetFirmy=12790323\" width=\"640\" height=\"420\" frameborder=\"0\"><\/iframe><\/p>\n","protected":false},"excerpt":{"rendered":"<p>Zapsan\u00fd spolek \u0160achklub m\u011bsta Dobrovice I\u010cO 266 34 228 p\u0159edseda klubu Petr Novotn\u00fd tel: 326 398 278 mobil: 607 824 295 e-mail: petr.novotny@sachydobrovice.cz webmaster Petr Novotn\u00fd, DiS. e-mail: dysmusax@centrum.cz hrac\u00ed m\u00edstnost budova fary p\u0159\u00edzem\u00ed vpravo. Palack\u00e9ho n\u00e1m\u011bst\u00ed 70 Dobrovice treninky st\u0159eda a p\u00e1tek 17.00 &#8211; 22.00 hodin. Ned\u011ble mistrovsk\u00e9 z\u00e1pasy, klubov\u00e9 turnaje od 9.00 hodin.<\/p>\n","protected":false},"author":2,"featured_media":0,"parent":0,"menu_order":0,"comment_status":"open","ping_status":"open","template":"","meta":{"footnotes":""},"class_list":["post-7","page","type-page","status-publish","hentry"],"_links":{"self":[{"href":"https:\/\/www.sachydobrovice.cz\/nove\/wp-json\/wp\/v2\/pages\/7","targetHints":{"allow":["GET"]}}],"collection":[{"href":"https:\/\/www.sachydobrovice.cz\/nove\/wp-json\/wp\/v2\/pages"}],"about":[{"href":"https:\/\/www.sachydobrovice.cz\/nove\/wp-json\/wp\/v2\/types\/page"}],"author":[{"embeddable":true,"href":"https:\/\/www.sachydobrovice.cz\/nove\/wp-json\/wp\/v2\/users\/2"}],"replies":[{"embeddable":true,"href":"https:\/\/www.sachydobrovice.cz\/nove\/wp-json\/wp\/v2\/comments?post=7"}],"version-history":[{"count":7,"href":"https:\/\/www.sachydobrovice.cz\/nove\/wp-json\/wp\/v2\/pages\/7\/revisions"}],"predecessor-version":[{"id":14488,"href":"https:\/\/www.sachydobrovice.cz\/nove\/wp-json\/wp\/v2\/pages\/7\/revisions\/14488"}],"wp:attachment":[{"href":"https:\/\/www.sachydobrovice.cz\/nove\/wp-json\/wp\/v2\/media?parent=7"}],"curies":[{"name":"wp","href":"https:\/\/api.w.org\/{rel}","templated":true}]}}